{"id":14,"date":"2020-05-06T13:16:41","date_gmt":"2020-05-06T13:16:41","guid":{"rendered":"https:\/\/lohjanlihashuolto.fi\/wordpress\/?page_id=14"},"modified":"2026-03-26T23:05:06","modified_gmt":"2026-03-26T23:05:06","slug":"ota-yhteytta","status":"publish","type":"page","link":"https:\/\/lohjanlihashuolto.fi\/","title":{"rendered":"Uutta"},"content":{"rendered":"\n<p>Olen lomalla 27.3-5.4.2026<\/p>\n\n\n\n<p>Lohjan lihashuolto on muuttanut! <\/p>\n\n\n\n<p>Uusi osoite on Veijolankatu 37, 08150 Lohja<\/p>\n\n\n\n<p>Osoitteessa sijaitsee asuintalo, mutta liiketoiminta tapahtuu erillisess\u00e4 kontissa tontin reunalla ja siihen on erillinen ajotie.<\/p>\n\n\n\n<p>Pys\u00e4k\u00f6inti tapahtuu kontin eteen tai auton voi my\u00f6s j\u00e4tt\u00e4\u00e4 tien varteen.<\/p>\n\n\n\n<p>Huomioithan, ett\u00e4 talon ajotie ei ole tarkoitettu asiakaspys\u00e4k\u00f6intiin.<\/p>\n\n\n\n<p>Toimitilassa on odotustila ja sis\u00e4\u00e4nk\u00e4ynti on tehty mahdollisimman esteett\u00f6m\u00e4ksi leveill\u00e4 ovilla, kaiteella ja rampilla.<\/p>\n\n\n\n<p><strong>Uusi hinnasto astuu voimaan 1.4.2026. Siihen tulevat muutokset l\u00f6yd\u00e4t Hinnasto v\u00e4lilehdelt\u00e4.<\/strong><\/p>\n\n\n\n<p><\/p>\n","protected":false},"excerpt":{"rendered":"<p>Olen lomalla 27.3-5.4.2026 Lohjan lihashuolto on muuttanut! Uusi osoite on Veijolankatu 37, 08150 Lohja Osoitteessa sijaitsee asuintalo, mutta liiketoiminta tapahtuu erillisess\u00e4 kontissa tontin reunalla ja siihen on erillinen ajotie. Pys\u00e4k\u00f6inti tapahtuu kontin eteen tai auton voi my\u00f6s j\u00e4tt\u00e4\u00e4 tien varteen. Huomioithan, ett\u00e4 talon ajotie ei ole tarkoitettu asiakaspys\u00e4k\u00f6intiin. Toimitilassa on odotustila ja sis\u00e4\u00e4nk\u00e4ynti on tehty &hellip; <\/p>\n<p class=\"link-more\"><a href=\"https:\/\/lohjanlihashuolto.fi\/\" class=\"more-link\">Jatka lukemista<span class=\"screen-reader-text\"> &#8221;Uutta&#8221;<\/span><\/a><\/p>\n","protected":false},"author":1,"featured_media":0,"parent":0,"menu_order":0,"comment_status":"closed","ping_status":"closed","template":"","meta":{"footnotes":""},"class_list":["post-14","page","type-page","status-publish","hentry"],"_links":{"self":[{"href":"https:\/\/lohjanlihashuolto.fi\/index.php?rest_route=\/wp\/v2\/pages\/14","targetHints":{"allow":["GET"]}}],"collection":[{"href":"https:\/\/lohjanlihashuolto.fi\/index.php?rest_route=\/wp\/v2\/pages"}],"about":[{"href":"https:\/\/lohjanlihashuolto.fi\/index.php?rest_route=\/wp\/v2\/types\/page"}],"author":[{"embeddable":true,"href":"https:\/\/lohjanlihashuolto.fi\/index.php?rest_route=\/wp\/v2\/users\/1"}],"replies":[{"embeddable":true,"href":"https:\/\/lohjanlihashuolto.fi\/index.php?rest_route=%2Fwp%2Fv2%2Fcomments&post=14"}],"version-history":[{"count":11,"href":"https:\/\/lohjanlihashuolto.fi\/index.php?rest_route=\/wp\/v2\/pages\/14\/revisions"}],"predecessor-version":[{"id":154,"href":"https:\/\/lohjanlihashuolto.fi\/index.php?rest_route=\/wp\/v2\/pages\/14\/revisions\/154"}],"wp:attachment":[{"href":"https:\/\/lohjanlihashuolto.fi\/index.php?rest_route=%2Fwp%2Fv2%2Fmedia&parent=14"}],"curies":[{"name":"wp","href":"https:\/\/api.w.org\/{rel}","templated":true}]}}